{"id":20070,"date":"2024-07-16T14:39:37","date_gmt":"2024-07-16T12:39:37","guid":{"rendered":"https:\/\/turismo.fuengirola.es\/palvelut\/muut-yritykset\/laakarikeskukset\/"},"modified":"2024-07-17T12:08:22","modified_gmt":"2024-07-17T10:08:22","slug":"laakarikeskukset","status":"publish","type":"page","link":"https:\/\/turismo.fuengirola.es\/fi\/palvelut\/muut-yritykset\/laakarikeskukset\/","title":{"rendered":"L\u00e4\u00e4k\u00e4rikeskukset"},"content":{"rendered":"<p>&nbsp;<\/p>\n<p>&nbsp;<\/p>\n<p>&nbsp;<\/p>\n<p>&nbsp;<\/p>\n","protected":false},"excerpt":{"rendered":"<p>&nbsp; &nbsp; &nbsp; &nbsp;<\/p>\n","protected":false},"author":1,"featured_media":0,"parent":19970,"menu_order":12,"comment_status":"closed","ping_status":"closed","template":"","meta":{"editor_plus_copied_stylings":"{}","footnotes":""},"_links":{"self":[{"href":"https:\/\/turismo.fuengirola.es\/fi\/wp-json\/wp\/v2\/pages\/20070"}],"collection":[{"href":"https:\/\/turismo.fuengirola.es\/fi\/wp-json\/wp\/v2\/pages"}],"about":[{"href":"https:\/\/turismo.fuengirola.es\/fi\/wp-json\/wp\/v2\/types\/page"}],"author":[{"embeddable":true,"href":"https:\/\/turismo.fuengirola.es\/fi\/wp-json\/wp\/v2\/users\/1"}],"replies":[{"embeddable":true,"href":"https:\/\/turismo.fuengirola.es\/fi\/wp-json\/wp\/v2\/comments?post=20070"}],"version-history":[{"count":1,"href":"https:\/\/turismo.fuengirola.es\/fi\/wp-json\/wp\/v2\/pages\/20070\/revisions"}],"predecessor-version":[{"id":20132,"href":"https:\/\/turismo.fuengirola.es\/fi\/wp-json\/wp\/v2\/pages\/20070\/revisions\/20132"}],"up":[{"embeddable":true,"href":"https:\/\/turismo.fuengirola.es\/fi\/wp-json\/wp\/v2\/pages\/19970"}],"wp:attachment":[{"href":"https:\/\/turismo.fuengirola.es\/fi\/wp-json\/wp\/v2\/media?parent=20070"}],"curies":[{"name":"wp","href":"https:\/\/api.w.org\/{rel}","templated":true}]}}