{"id":1836,"date":"2017-09-25T10:15:46","date_gmt":"2017-09-25T08:15:46","guid":{"rendered":"http:\/\/turismo.fuengirola.es\/zu-tun\/freizeit\/einkaufen\/mercados-municipales\/"},"modified":"2024-01-21T14:14:03","modified_gmt":"2024-01-21T13:14:03","slug":"markthallen","status":"publish","type":"page","link":"https:\/\/turismo.fuengirola.es\/de\/zu-tun\/freizeit\/einkaufen\/markthallen\/","title":{"rendered":"Markthallen"},"content":{"rendered":"<h1 class=\"white\">M\u00c4RKTE<\/h1>\n<p class=\"white larger\">In Fuengirola gibt es drei st\u00e4dtische M\u00e4rkte und einen nicht st\u00e4dtischen Markt, auf dem Sie frischen Fisch, Fleisch, Obst, Gem\u00fcse, Gem\u00fcse, Gew\u00fcrze und vieles mehr kaufen k\u00f6nnen.<\/p>\n<p>&nbsp;<\/p>\n","protected":false},"excerpt":{"rendered":"<p>M\u00c4RKTE In Fuengirola gibt es drei st\u00e4dtische M\u00e4rkte und einen nicht st\u00e4dtischen Markt, auf dem Sie frischen Fisch, Fleisch, Obst, Gem\u00fcse, Gem\u00fcse, Gew\u00fcrze und vieles mehr<span class=\"excerpt-hellip\"> [\u2026]<\/span><\/p>\n","protected":false},"author":1,"featured_media":0,"parent":1830,"menu_order":253,"comment_status":"closed","ping_status":"closed","template":"","meta":{"editor_plus_copied_stylings":"{}","footnotes":""},"_links":{"self":[{"href":"https:\/\/turismo.fuengirola.es\/de\/wp-json\/wp\/v2\/pages\/1836"}],"collection":[{"href":"https:\/\/turismo.fuengirola.es\/de\/wp-json\/wp\/v2\/pages"}],"about":[{"href":"https:\/\/turismo.fuengirola.es\/de\/wp-json\/wp\/v2\/types\/page"}],"author":[{"embeddable":true,"href":"https:\/\/turismo.fuengirola.es\/de\/wp-json\/wp\/v2\/users\/1"}],"replies":[{"embeddable":true,"href":"https:\/\/turismo.fuengirola.es\/de\/wp-json\/wp\/v2\/comments?post=1836"}],"version-history":[{"count":9,"href":"https:\/\/turismo.fuengirola.es\/de\/wp-json\/wp\/v2\/pages\/1836\/revisions"}],"predecessor-version":[{"id":7701,"href":"https:\/\/turismo.fuengirola.es\/de\/wp-json\/wp\/v2\/pages\/1836\/revisions\/7701"}],"up":[{"embeddable":true,"href":"https:\/\/turismo.fuengirola.es\/de\/wp-json\/wp\/v2\/pages\/1830"}],"wp:attachment":[{"href":"https:\/\/turismo.fuengirola.es\/de\/wp-json\/wp\/v2\/media?parent=1836"}],"curies":[{"name":"wp","href":"https:\/\/api.w.org\/{rel}","templated":true}]}}